{"id":3483,"date":"2020-09-03T13:21:00","date_gmt":"2020-09-03T11:21:00","guid":{"rendered":"https:\/\/grundschulezschortau.de\/?page_id=3483"},"modified":"2024-09-05T15:48:40","modified_gmt":"2024-09-05T13:48:40","slug":"team","status":"publish","type":"page","link":"https:\/\/grundschule-zschortau.de\/?page_id=3483","title":{"rendered":"Team"},"content":{"rendered":"<p><span style=\"color: #ff0000;\"><strong><span style=\"font-size: 14pt;\">Der HORT stellt sich vor:<\/span><\/strong><\/span><\/p>\n<p><img loading=\"lazy\" decoding=\"async\" class=\"alignnone size-medium wp-image-6245\" src=\"https:\/\/grundschule-zschortau.de\/wp-content\/uploads\/2023\/02\/Hort-Team-240x300.jpg\" alt=\"\" width=\"240\" height=\"300\" srcset=\"https:\/\/grundschule-zschortau.de\/wp-content\/uploads\/2023\/02\/Hort-Team-240x300.jpg 240w, https:\/\/grundschule-zschortau.de\/wp-content\/uploads\/2023\/02\/Hort-Team-818x1024.jpg 818w, https:\/\/grundschule-zschortau.de\/wp-content\/uploads\/2023\/02\/Hort-Team-768x961.jpg 768w, https:\/\/grundschule-zschortau.de\/wp-content\/uploads\/2023\/02\/Hort-Team-1227x1536.jpg 1227w, https:\/\/grundschule-zschortau.de\/wp-content\/uploads\/2023\/02\/Hort-Team.jpg 1636w\" sizes=\"(max-width: 240px) 100vw, 240px\" \/><\/p>\n<p><strong><span style=\"color: #800080;\">FRAU V. BEYRICH- HORTLEITERIN- noch etwas Geduld, mein Portr\u00e4t ist in Arbeit.<\/span><\/strong><\/p>\n<p><img loading=\"lazy\" decoding=\"async\" class=\"alignleft wp-image-3645\" src=\"https:\/\/grundschule-zschortau.de\/wp-content\/uploads\/2020\/09\/Luisa.jpg\" alt=\"\" width=\"183\" height=\"232\"><\/p>\n<p><span style=\"color: #ff6600;\"><strong>FRAU L. GERTIG &#8211; HORTLEITERIN<\/strong><\/span><\/p>\n<p><span style=\"color: #ff6600;\"><span style=\"font-size: 12pt;\"><em>\u201eMan darf nicht verlernen, die Welt mit Kinderaugen zu sehen\u201c Henry Matisse<\/em><\/span><br \/>\n<\/span><br \/>\n<span style=\"color: #ff6600;\">Nach diesem Spruch versuche ich jeden Tag zu leben und den Kindern den Raum und Ort im HORT zu bieten, an denen sie tr\u00e4umen, sich ausprobieren, sich entfalten und entwickeln k\u00f6nnen. Damit jedes Kind f\u00fcr sich erfahren kann: \u201eDu bist auf deine Weise einzigartig und du kannst alles schaffen was du dir vorgenommen hast.\u201c <\/span><br \/>\n<span style=\"color: #ff6600;\">Das versuche ich auch auf mein Privatleben zu \u00fcbertragen, dabei helfen mir folgende Dinge: <\/span><br \/>\n<span style=\"color: #ff6600;\">&#8211; das Lachen und die Freude der Kinder, die mich pers\u00f6nlich sehr bereichern und wachsen lassen<\/span><br \/>\n<span style=\"color: #ff6600;\">&#8211; FAMILIE &amp; FREUNDE<\/span><br \/>\n<span style=\"color: #ff6600;\">&#8211; Zeit in der NATUR zu verbringen<\/span><br \/>\n<span style=\"color: #ff6600;\">&#8211; leidenschaftlich und gerne zu TANZEN<\/span><br \/>\n<span style=\"color: #ff6600;\">&#8211; und regelm\u00e4\u00dfig SCHWIMMEN zu gehen&nbsp; <span style=\"color: #008000;\">z.Z. bin ich im Schwangerschaftsurlaub.<\/span><\/span><\/p>\n<p><img loading=\"lazy\" decoding=\"async\" class=\" wp-image-3642\" src=\"https:\/\/grundschule-zschortau.de\/wp-content\/uploads\/2020\/09\/20200923_110521_0001-724x1024.jpg\" alt=\"\" width=\"478\" height=\"668\"><\/p>\n<p><span style=\"font-size: 12pt; color: #008000;\"><strong>Ich hei\u00dfe jetzt Frau Tauchmann.<\/strong><\/span><\/p>\n<p>&nbsp;<\/p>\n<p><img loading=\"lazy\" decoding=\"async\" class=\"wp-image-5500 alignright\" src=\"https:\/\/grundschule-zschortau.de\/wp-content\/uploads\/2022\/03\/Yvonne-Kloepzig-scaled-e1646759552553-227x300.jpg\" alt=\"\" width=\"205\" height=\"268\"><\/p>\n<p><strong style=\"color: #ff00ff;\">Yvonne Kl\u00f6pzig<\/strong><\/p>\n<p><span style=\"color: #ff00ff;\"><strong>Wer ich BIN, werdet Ihr hier bald lesen k\u00f6nnen.<\/strong><\/span><\/p>\n<p>&nbsp;<\/p>\n<p>&nbsp;<\/p>\n<p>&nbsp;<\/p>\n<p>&nbsp;<\/p>\n<p>&nbsp;<\/p>\n<p><span style=\"color: #33cccc;\"><strong><img loading=\"lazy\" decoding=\"async\" class=\"wp-image-5499 alignleft\" src=\"https:\/\/grundschule-zschortau.de\/wp-content\/uploads\/2022\/03\/Lisa-Zimmermann-scaled-e1646759384872-300x293.jpg\" alt=\"\" width=\"260\" height=\"254\" srcset=\"https:\/\/grundschule-zschortau.de\/wp-content\/uploads\/2022\/03\/Lisa-Zimmermann-scaled-e1646759384872-300x293.jpg 300w, https:\/\/grundschule-zschortau.de\/wp-content\/uploads\/2022\/03\/Lisa-Zimmermann-scaled-e1646759384872-1024x1000.jpg 1024w, https:\/\/grundschule-zschortau.de\/wp-content\/uploads\/2022\/03\/Lisa-Zimmermann-scaled-e1646759384872-768x750.jpg 768w, https:\/\/grundschule-zschortau.de\/wp-content\/uploads\/2022\/03\/Lisa-Zimmermann-scaled-e1646759384872-307x300.jpg 307w, https:\/\/grundschule-zschortau.de\/wp-content\/uploads\/2022\/03\/Lisa-Zimmermann-scaled-e1646759384872.jpg 1293w\" sizes=\"(max-width: 260px) 100vw, 260px\" \/>Lisa Zimmermann (Auszubildende)<\/strong><\/span><\/p>\n<p><span style=\"color: #0000ff;\"><b>&nbsp;<\/b><\/span><\/p>\n<p><strong><span style=\"color: #33cccc;\">Wer ich BIN, werdet Ihr hier bald lesen k\u00f6nnen.<\/span><\/strong><\/p>\n<p><strong style=\"color: #0000ff;\">&nbsp;<\/strong><\/p>\n<p>&nbsp;<\/p>\n<p>&nbsp;<\/p>\n<p>&nbsp;<\/p>\n<p><span style=\"color: #ff0000;\"><strong>C<\/strong><span style=\"color: #000000;\">harakterst\u00e4rke<\/span><br \/>\n<strong>H<\/strong><span style=\"color: #000000;\">armonie<\/span><br \/>\n<strong>R<\/strong><span style=\"color: #000000;\">espekt<\/span><br \/>\n<img loading=\"lazy\" decoding=\"async\" class=\"alignright wp-image-3646\" style=\"color: #333333;\" src=\"https:\/\/grundschule-zschortau.de\/wp-content\/uploads\/2020\/09\/Christin.jpg\" alt=\"\" width=\"183\" height=\"267\" srcset=\"https:\/\/grundschule-zschortau.de\/wp-content\/uploads\/2020\/09\/Christin.jpg 549w, https:\/\/grundschule-zschortau.de\/wp-content\/uploads\/2020\/09\/Christin-206x300.jpg 206w\" sizes=\"(max-width: 183px) 100vw, 183px\" \/><strong>I<\/strong><span style=\"color: #000000;\">ndividualit\u00e4t<\/span><br \/>\n<strong>S<\/strong><span style=\"color: #000000;\">ympathie<\/span><br \/>\n<strong>T<\/strong><span style=\"color: #000000;\">eamarbeit<\/span><br \/>\n<strong>I<\/strong><span style=\"color: #000000;\">deenreichtum<\/span><strong><br \/>\nN<\/strong><span style=\"color: #000000;\">eugier<\/span><\/span><\/p>\n<p>&nbsp;<\/p>\n<p><span style=\"color: #ff0000;\"><strong>G<\/strong><\/span><span style=\"color: #000000;\">erechtigkeit<\/span><br \/>\n<span style=\"color: #ff0000;\"><strong>A<\/strong><\/span><span style=\"color: #000000;\">usgeglichenheit<\/span><br \/>\n<span style=\"color: #ff0000;\"><strong>S<\/strong><\/span><span style=\"color: #000000;\">elbstvertrauen<\/span><br \/>\n<span style=\"color: #ff0000;\"><strong>C<\/strong><\/span><span style=\"color: #000000;\">ourage<\/span><br \/>\n<span style=\"color: #ff0000;\"><strong>H<\/strong><\/span><span style=\"color: #000000;\">erzlichkeit<\/span><br \/>\n<span style=\"color: #ff0000;\"><strong>\u00dc<\/strong><\/span><span style=\"color: #000000;\">berzeugungen<\/span><br \/>\n<span style=\"color: #ff0000;\"><strong>T<\/strong><\/span><span style=\"color: #000000;\">oleranz<\/span><br \/>\n<span style=\"color: #ff0000;\"><strong>Z<\/strong><\/span><span style=\"color: #000000;\">ugeh\u00f6rigkeit&nbsp; &nbsp; &nbsp; &nbsp; &nbsp; &nbsp; <span style=\"color: #ff0000;\">z.Z. im Schwangerschaftsurlaub<\/span><\/span><\/p>\n<p>&nbsp;<\/p>\n<p>&nbsp;<\/p>\n","protected":false},"excerpt":{"rendered":"<p>Der HORT stellt sich vor: FRAU V. BEYRICH- HORTLEITERIN- noch etwas Geduld, mein Portr\u00e4t ist in Arbeit. FRAU L. GERTIG &#8211; HORTLEITERIN \u201eMan darf nicht verlernen, die Welt mit Kinderaugen zu sehen\u201c Henry Matisse Nach diesem Spruch versuche ich jeden &hellip; <a href=\"https:\/\/grundschule-zschortau.de\/?page_id=3483\">Weiterlesen <span class=\"meta-nav\">&rarr;<\/span><\/a><\/p>\n","protected":false},"author":1,"featured_media":0,"parent":0,"menu_order":0,"comment_status":"closed","ping_status":"closed","template":"","meta":{"ngg_post_thumbnail":0,"footnotes":""},"class_list":["post-3483","page","type-page","status-publish","hentry"],"_links":{"self":[{"href":"https:\/\/grundschule-zschortau.de\/index.php?rest_route=\/wp\/v2\/pages\/3483"}],"collection":[{"href":"https:\/\/grundschule-zschortau.de\/index.php?rest_route=\/wp\/v2\/pages"}],"about":[{"href":"https:\/\/grundschule-zschortau.de\/index.php?rest_route=\/wp\/v2\/types\/page"}],"author":[{"embeddable":true,"href":"https:\/\/grundschule-zschortau.de\/index.php?rest_route=\/wp\/v2\/users\/1"}],"replies":[{"embeddable":true,"href":"https:\/\/grundschule-zschortau.de\/index.php?rest_route=%2Fwp%2Fv2%2Fcomments&post=3483"}],"version-history":[{"count":3,"href":"https:\/\/grundschule-zschortau.de\/index.php?rest_route=\/wp\/v2\/pages\/3483\/revisions"}],"predecessor-version":[{"id":7336,"href":"https:\/\/grundschule-zschortau.de\/index.php?rest_route=\/wp\/v2\/pages\/3483\/revisions\/7336"}],"wp:attachment":[{"href":"https:\/\/grundschule-zschortau.de\/index.php?rest_route=%2Fwp%2Fv2%2Fmedia&parent=3483"}],"curies":[{"name":"wp","href":"https:\/\/api.w.org\/{rel}","templated":true}]}}