{"id":3527,"date":"2020-09-07T10:10:59","date_gmt":"2020-09-07T08:10:59","guid":{"rendered":"https:\/\/grundschulezschortau.de\/?page_id=3527"},"modified":"2025-09-01T13:17:21","modified_gmt":"2025-09-01T11:17:21","slug":"klasse-3a","status":"publish","type":"page","link":"https:\/\/grundschule-zschortau.de\/?page_id=3527","title":{"rendered":"Klasse 4"},"content":{"rendered":"\n<p>Wir sind die K\u00e4nguru-Klasse.<br>25 Kinder werden von Frau Kliefoth unterrichtet. Unsere Horterzieherin hei\u00dft Frau Kl\u00f6pzig.<\/p>\n\n\n\n<p>Jetzt sind wir die Gro\u00dfen!<\/p>\n\n\n\n<figure class=\"wp-block-image size-large\"><img loading=\"lazy\" decoding=\"async\" width=\"1024\" height=\"683\" src=\"https:\/\/grundschule-zschortau.de\/wp-content\/uploads\/2025\/09\/image-1-1024x683.png\" alt=\"\" class=\"wp-image-9293\" srcset=\"https:\/\/grundschule-zschortau.de\/wp-content\/uploads\/2025\/09\/image-1-1024x683.png 1024w, https:\/\/grundschule-zschortau.de\/wp-content\/uploads\/2025\/09\/image-1-300x200.png 300w, https:\/\/grundschule-zschortau.de\/wp-content\/uploads\/2025\/09\/image-1-768x512.png 768w, https:\/\/grundschule-zschortau.de\/wp-content\/uploads\/2025\/09\/image-1-450x300.png 450w, https:\/\/grundschule-zschortau.de\/wp-content\/uploads\/2025\/09\/image-1.png 1536w\" sizes=\"(max-width: 1024px) 100vw, 1024px\" \/><\/figure>\n\n\n\n<p><\/p>\n\n\n\n<figure class=\"wp-block-image size-full\"><img loading=\"lazy\" decoding=\"async\" width=\"1024\" height=\"709\" src=\"https:\/\/grundschule-zschortau.de\/wp-content\/uploads\/2025\/08\/image-1.png\" alt=\"\" class=\"wp-image-9263\" srcset=\"https:\/\/grundschule-zschortau.de\/wp-content\/uploads\/2025\/08\/image-1.png 1024w, https:\/\/grundschule-zschortau.de\/wp-content\/uploads\/2025\/08\/image-1-300x208.png 300w, https:\/\/grundschule-zschortau.de\/wp-content\/uploads\/2025\/08\/image-1-768x532.png 768w, https:\/\/grundschule-zschortau.de\/wp-content\/uploads\/2025\/08\/image-1-433x300.png 433w\" sizes=\"(max-width: 1024px) 100vw, 1024px\" \/><\/figure>\n\n\n\n<p>3. Klasse<\/p>\n\n\n\n<figure class=\"wp-block-image\"><img decoding=\"async\" src=\"https:\/\/grundschule-zschortau.de\/wp-content\/uploads\/2023\/08\/IMG_8872-300x200.jpg\" alt=\"\"\/><\/figure>\n\n\n\n<p>2. Klasse<\/p>\n","protected":false},"excerpt":{"rendered":"<p>Wir sind die K\u00e4nguru-Klasse.25 Kinder werden von Frau Kliefoth unterrichtet. Unsere Horterzieherin hei\u00dft Frau Kl\u00f6pzig. Jetzt sind wir die Gro\u00dfen! 3. Klasse 2. Klasse<\/p>\n","protected":false},"author":1,"featured_media":0,"parent":0,"menu_order":0,"comment_status":"closed","ping_status":"closed","template":"","meta":{"ngg_post_thumbnail":0,"footnotes":""},"class_list":["post-3527","page","type-page","status-publish","hentry"],"_links":{"self":[{"href":"https:\/\/grundschule-zschortau.de\/index.php?rest_route=\/wp\/v2\/pages\/3527"}],"collection":[{"href":"https:\/\/grundschule-zschortau.de\/index.php?rest_route=\/wp\/v2\/pages"}],"about":[{"href":"https:\/\/grundschule-zschortau.de\/index.php?rest_route=\/wp\/v2\/types\/page"}],"author":[{"embeddable":true,"href":"https:\/\/grundschule-zschortau.de\/index.php?rest_route=\/wp\/v2\/users\/1"}],"replies":[{"embeddable":true,"href":"https:\/\/grundschule-zschortau.de\/index.php?rest_route=%2Fwp%2Fv2%2Fcomments&post=3527"}],"version-history":[{"count":15,"href":"https:\/\/grundschule-zschortau.de\/index.php?rest_route=\/wp\/v2\/pages\/3527\/revisions"}],"predecessor-version":[{"id":9295,"href":"https:\/\/grundschule-zschortau.de\/index.php?rest_route=\/wp\/v2\/pages\/3527\/revisions\/9295"}],"wp:attachment":[{"href":"https:\/\/grundschule-zschortau.de\/index.php?rest_route=%2Fwp%2Fv2%2Fmedia&parent=3527"}],"curies":[{"name":"wp","href":"https:\/\/api.w.org\/{rel}","templated":true}]}}