{"id":3653,"date":"2020-09-23T16:16:55","date_gmt":"2020-09-23T14:16:55","guid":{"rendered":"https:\/\/grundschulezschortau.de\/?page_id=3653"},"modified":"2025-12-19T14:29:22","modified_gmt":"2025-12-19T13:29:22","slug":"foerderverein-2","status":"publish","type":"page","link":"https:\/\/grundschule-zschortau.de\/?page_id=3653","title":{"rendered":"F\u00f6rderverein"},"content":{"rendered":"\n<p><strong><span style=\"text-decoration: underline;\">Schuljahr 2025\/2026<\/span><br><br>Vorsitzender Frau\u00a0Fuchs<br>Stellvertreter: Herr Pickrodt<br>Schriftf\u00fchrerin: Frau Raabe<br>Schatzmeisterin: Frau Jericke<br>und Frau Walther, Frau\u00a0Thierbach<\/strong><\/p>\n\n\n\n<figure class=\"wp-block-image size-full\"><img loading=\"lazy\" decoding=\"async\" width=\"768\" height=\"1024\" src=\"https:\/\/grundschule-zschortau.de\/wp-content\/uploads\/2025\/10\/image-2.png\" alt=\"\" class=\"wp-image-9353\" srcset=\"https:\/\/grundschule-zschortau.de\/wp-content\/uploads\/2025\/10\/image-2.png 768w, https:\/\/grundschule-zschortau.de\/wp-content\/uploads\/2025\/10\/image-2-225x300.png 225w\" sizes=\"(max-width: 768px) 100vw, 768px\" \/><\/figure>\n\n\n\n<hr class=\"wp-block-separator has-alpha-channel-opacity\"\/>\n\n\n<p>&nbsp;<\/p>\n<p><span style=\"color: #ff6600; font-family: 'andale mono', monospace; font-size: 14pt;\"><span style=\"font-family: helvetica, arial, sans-serif;\">Die Ausstattung des Ballsportfeldes mit Matten ist erfolgreich abgeschlossen. Am Montag, dem 30.11.2020 wurde das modernisierte Fu\u00dfballfeld an die Grundsch\u00fcler \u00fcbergeben. Jubelnd nahmen sie das Feld in Besitz.<\/span><\/span><\/p>\n<p><img loading=\"lazy\" decoding=\"async\" class=\"alignnone wp-image-3979\" src=\"https:\/\/grundschule-zschortau.de\/wp-content\/uploads\/2020\/12\/20201130_094112-1.jpg\" alt=\"\" width=\"271\" height=\"205\">&nbsp; &nbsp;&nbsp; <img loading=\"lazy\" decoding=\"async\" class=\"alignnone wp-image-3976\" src=\"https:\/\/grundschule-zschortau.de\/wp-content\/uploads\/2020\/12\/20201130_094004-1.jpg\" alt=\"\" width=\"247\" height=\"221\" srcset=\"https:\/\/grundschule-zschortau.de\/wp-content\/uploads\/2020\/12\/20201130_094004-1.jpg 674w, https:\/\/grundschule-zschortau.de\/wp-content\/uploads\/2020\/12\/20201130_094004-1-300x267.jpg 300w, https:\/\/grundschule-zschortau.de\/wp-content\/uploads\/2020\/12\/20201130_094004-1-337x300.jpg 337w\" sizes=\"(max-width: 247px) 100vw, 247px\" \/> <img loading=\"lazy\" decoding=\"async\" class=\"wp-image-3975 alignleft\" src=\"https:\/\/grundschule-zschortau.de\/wp-content\/uploads\/2020\/12\/20201130_093823-1.jpg\" alt=\"\" width=\"264\" height=\"200\"><img loading=\"lazy\" decoding=\"async\" class=\"alignnone wp-image-3977\" src=\"https:\/\/grundschule-zschortau.de\/wp-content\/uploads\/2020\/12\/20201130_094023-1.jpg\" alt=\"\" width=\"265\" height=\"196\" srcset=\"https:\/\/grundschule-zschortau.de\/wp-content\/uploads\/2020\/12\/20201130_094023-1.jpg 800w, https:\/\/grundschule-zschortau.de\/wp-content\/uploads\/2020\/12\/20201130_094023-1-300x221.jpg 300w, https:\/\/grundschule-zschortau.de\/wp-content\/uploads\/2020\/12\/20201130_094023-1-768x565.jpg 768w, https:\/\/grundschule-zschortau.de\/wp-content\/uploads\/2020\/12\/20201130_094023-1-407x300.jpg 407w\" sizes=\"(max-width: 265px) 100vw, 265px\" \/><\/p>\n<p><span style=\"color: #000000;\">Der F\u00f6rderverein der Grundschule Zschortau hat sich am 2.12.1997 gegr\u00fcndet.<\/span><\/p>\n<p><span style=\"color: #000000;\">Zweck des Vereins ist:<\/span><br><span style=\"color: #000000;\">&#8211; die F\u00f6rderung der Bildung und Erziehung der Sch\u00fcler der Grundschule Zschortau,<\/span><br><span style=\"color: #000000;\">&#8211; Erbringung von Mitteln, die es erm\u00f6glichen, die Lehr- und Lernbedingungen zu verbessern,<\/span><br><span style=\"color: #000000;\">&#8211; das Aufbringen von Beihilfen f\u00fcr schulische Veranstaltungen im Rahmen der Bildung <\/span><br><span style=\"color: #000000;\">und Erziehung<\/span><br><span style=\"color: #000000;\">&#8211; das Aufrechterhalten der Bindung zwischen der Schule, den Sch\u00fclern, <\/span><br><span style=\"color: #000000;\">ehemaligen Sch\u00fclern sowie Freunden und F\u00f6rderern der Grundschule Zschortau.<\/span><\/p>\n<p><span style=\"color: #000000;\">Traditionen: \u00dcbergabe eines Portfolioordners an alle Erstkl\u00e4ssler, Organisation des Martinsfestes mit Schule und Kirche, Mitgestaltung des Zschortauer Weihnachtsmarktes und Stra\u00dfenfestes, Arbeitseins\u00e4tze zur Verbesserung der Lernumgebung, Kuchenbasar beim Tag der offenen T\u00fcr<\/span><\/p>\n<p><span style=\"color: #000000;\">Der j\u00e4hrliche Mitgliedsbeitrag betr\u00e4gt 12 Euro.<\/span><\/p>\n<p><span style=\"text-decoration: underline;\"><em><strong><a href=\"https:\/\/grundschulezschortau-my.sharepoint.com\/:b:\/g\/personal\/kabbeck_grundschule-zschortau_de\/EQOD2tibj-BDnSw8xqg174IBfxljqlDg5WX2SgIhq0UBcw?e=bpjDX0\">Satzung<\/a><\/strong><\/em><\/span><\/p>","protected":false},"excerpt":{"rendered":"<p>Schuljahr 2025\/2026 Vorsitzender Frau\u00a0FuchsStellvertreter: Herr PickrodtSchriftf\u00fchrerin: Frau RaabeSchatzmeisterin: Frau Jerickeund Frau Walther, Frau\u00a0Thierbach &nbsp; Die Ausstattung des Ballsportfeldes mit Matten ist erfolgreich abgeschlossen. Am Montag, dem 30.11.2020 wurde das modernisierte Fu\u00dfballfeld an die Grundsch\u00fcler \u00fcbergeben. Jubelnd nahmen sie das Feld &hellip; <a href=\"https:\/\/grundschule-zschortau.de\/?page_id=3653\">Weiterlesen <span class=\"meta-nav\">&rarr;<\/span><\/a><\/p>\n","protected":false},"author":1,"featured_media":0,"parent":0,"menu_order":0,"comment_status":"closed","ping_status":"closed","template":"","meta":{"ngg_post_thumbnail":0,"footnotes":""},"class_list":["post-3653","page","type-page","status-publish","hentry"],"_links":{"self":[{"href":"https:\/\/grundschule-zschortau.de\/index.php?rest_route=\/wp\/v2\/pages\/3653"}],"collection":[{"href":"https:\/\/grundschule-zschortau.de\/index.php?rest_route=\/wp\/v2\/pages"}],"about":[{"href":"https:\/\/grundschule-zschortau.de\/index.php?rest_route=\/wp\/v2\/types\/page"}],"author":[{"embeddable":true,"href":"https:\/\/grundschule-zschortau.de\/index.php?rest_route=\/wp\/v2\/users\/1"}],"replies":[{"embeddable":true,"href":"https:\/\/grundschule-zschortau.de\/index.php?rest_route=%2Fwp%2Fv2%2Fcomments&post=3653"}],"version-history":[{"count":15,"href":"https:\/\/grundschule-zschortau.de\/index.php?rest_route=\/wp\/v2\/pages\/3653\/revisions"}],"predecessor-version":[{"id":9447,"href":"https:\/\/grundschule-zschortau.de\/index.php?rest_route=\/wp\/v2\/pages\/3653\/revisions\/9447"}],"wp:attachment":[{"href":"https:\/\/grundschule-zschortau.de\/index.php?rest_route=%2Fwp%2Fv2%2Fmedia&parent=3653"}],"curies":[{"name":"wp","href":"https:\/\/api.w.org\/{rel}","templated":true}]}}