{"id":4913,"date":"2021-08-30T10:32:16","date_gmt":"2021-08-30T08:32:16","guid":{"rendered":"https:\/\/grundschule-zschortau.de\/?page_id=4913"},"modified":"2025-09-01T13:11:19","modified_gmt":"2025-09-01T11:11:19","slug":"klasse-2-2","status":"publish","type":"page","link":"https:\/\/grundschule-zschortau.de\/?page_id=4913","title":{"rendered":"Klasse 1"},"content":{"rendered":"<p>&nbsp;<\/p>\n<p><img decoding=\"async\" src=\"https:\/\/grundschule-zschortau.de\/wp-content\/uploads\/2025\/08\/IMG_2037-Kopie-1-1024x683.jpg\" alt=\"Dieses Bild hat ein leeres Alt-Attribut. Der Dateiname ist IMG_2037-Kopie-1-1024x683.jpg\"><\/p>\n<p>Hallo, wir sind die OTTER- Klasse. Bei uns lernen 9 M\u00e4dchen und 11 Jungen. Unsere Lehrerin hei\u00dft Frau F\u00fcssel und Frau Schmidt ist unsere Bezugserzieherin.&nbsp;<\/p>\n\n\n<p><\/p>\n","protected":false},"excerpt":{"rendered":"<p>&nbsp; Hallo, wir sind die OTTER- Klasse. Bei uns lernen 9 M\u00e4dchen und 11 Jungen. Unsere Lehrerin hei\u00dft Frau F\u00fcssel und Frau Schmidt ist unsere Bezugserzieherin.&nbsp;<\/p>\n","protected":false},"author":1,"featured_media":0,"parent":0,"menu_order":0,"comment_status":"closed","ping_status":"closed","template":"","meta":{"ngg_post_thumbnail":0,"footnotes":""},"class_list":["post-4913","page","type-page","status-publish","hentry"],"_links":{"self":[{"href":"https:\/\/grundschule-zschortau.de\/index.php?rest_route=\/wp\/v2\/pages\/4913"}],"collection":[{"href":"https:\/\/grundschule-zschortau.de\/index.php?rest_route=\/wp\/v2\/pages"}],"about":[{"href":"https:\/\/grundschule-zschortau.de\/index.php?rest_route=\/wp\/v2\/types\/page"}],"author":[{"embeddable":true,"href":"https:\/\/grundschule-zschortau.de\/index.php?rest_route=\/wp\/v2\/users\/1"}],"replies":[{"embeddable":true,"href":"https:\/\/grundschule-zschortau.de\/index.php?rest_route=%2Fwp%2Fv2%2Fcomments&post=4913"}],"version-history":[{"count":16,"href":"https:\/\/grundschule-zschortau.de\/index.php?rest_route=\/wp\/v2\/pages\/4913\/revisions"}],"predecessor-version":[{"id":9287,"href":"https:\/\/grundschule-zschortau.de\/index.php?rest_route=\/wp\/v2\/pages\/4913\/revisions\/9287"}],"wp:attachment":[{"href":"https:\/\/grundschule-zschortau.de\/index.php?rest_route=%2Fwp%2Fv2%2Fmedia&parent=4913"}],"curies":[{"name":"wp","href":"https:\/\/api.w.org\/{rel}","templated":true}]}}